{"id":3171,"date":"2020-04-30T09:56:45","date_gmt":"2020-04-30T07:56:45","guid":{"rendered":"https:\/\/www.nalinee-thaimassage.de\/shop\/?post_type=product&#038;p=3171"},"modified":"2025-01-24T15:45:30","modified_gmt":"2025-01-24T14:45:30","slug":"thai-oelmassagemit-warmen-oel","status":"publish","type":"product","link":"https:\/\/www.nalinee-thaimassage.de\/shop\/shop\/thai-oelmassagemit-warmen-oel\/","title":{"rendered":"Fu\u00dfreflexzonenmassage"},"content":{"rendered":"<p>Nach Lehre alter medizinischen Heilmethode Asiens sind alle K\u00f6rperteile\u00a0 miteinander verbunden. Hier werden bestimmte Bereiche der Fu\u00dfsohle mit der Hand od. St\u00e4bchen stimuliert. In den F\u00fc\u00dfen des Menschen befinden sich viele Stimulationspunkte der inneren Organe. Durch die professionelle Fu\u00dfreflexzonenmassage k\u00f6nnen Leiden gelindert werden. Die Massage wird daher erg\u00e4nzend zur Schulmedizin eingesetzt.<\/p>\n","protected":false},"excerpt":{"rendered":"<p>In den Dehnpositionen der Thai-Massage verbraucht die Muskulatur Sauerstoff und der Mensch wird angeregt, tiefer zu atmen. Durch den Einsatz von warmen \u00d6len l\u00f6sen sich innere Verspannungen.\u00a0Die Haut wird durch die warmen \u00d6le weich und seidig. Harmonisiert K\u00f6rper, Seele und Geist.<\/p>\n<p>&nbsp;<\/p>\n","protected":false},"featured_media":3431,"template":"","meta":[],"product_brand":[],"product_cat":[144,148],"product_tag":[154,156,157,158,155],"class_list":{"0":"post-3171","1":"product","2":"type-product","3":"status-publish","4":"has-post-thumbnail","6":"product_cat-klassische-thai-massage","7":"product_cat-wellnessmassage","8":"product_tag-klassische-thaimassage","9":"product_tag-koerpermassage","10":"product_tag-massage-gutschein","11":"product_tag-oelmassage","12":"product_tag-rueckenmassage","13":"product_shipping_class-138","15":"first","16":"instock","17":"taxable","18":"shipping-taxable","19":"purchasable","20":"product-type-variable"},"aioseo_notices":[],"_links":{"self":[{"href":"https:\/\/www.nalinee-thaimassage.de\/shop\/wp-json\/wp\/v2\/product\/3171","targetHints":{"allow":["GET"]}}],"collection":[{"href":"https:\/\/www.nalinee-thaimassage.de\/shop\/wp-json\/wp\/v2\/product"}],"about":[{"href":"https:\/\/www.nalinee-thaimassage.de\/shop\/wp-json\/wp\/v2\/types\/product"}],"wp:featuredmedia":[{"embeddable":true,"href":"https:\/\/www.nalinee-thaimassage.de\/shop\/wp-json\/wp\/v2\/media\/3431"}],"wp:attachment":[{"href":"https:\/\/www.nalinee-thaimassage.de\/shop\/wp-json\/wp\/v2\/media?parent=3171"}],"wp:term":[{"taxonomy":"product_brand","embeddable":true,"href":"https:\/\/www.nalinee-thaimassage.de\/shop\/wp-json\/wp\/v2\/product_brand?post=3171"},{"taxonomy":"product_cat","embeddable":true,"href":"https:\/\/www.nalinee-thaimassage.de\/shop\/wp-json\/wp\/v2\/product_cat?post=3171"},{"taxonomy":"product_tag","embeddable":true,"href":"https:\/\/www.nalinee-thaimassage.de\/shop\/wp-json\/wp\/v2\/product_tag?post=3171"}],"curies":[{"name":"wp","href":"https:\/\/api.w.org\/{rel}","templated":true}]}}